{"id":2,"date":"2025-10-17T09:43:37","date_gmt":"2025-10-17T12:43:37","guid":{"rendered":"https:\/\/ffsystemtecnologia.com.br\/?page_id=2"},"modified":"2025-10-21T14:26:52","modified_gmt":"2025-10-21T17:26:52","slug":"pagina-exemplo","status":"publish","type":"page","link":"https:\/\/ffsystemtecnologia.com.br\/index.php\/pagina-exemplo\/","title":{"rendered":"Solu\u00e7\u00e3o para E-commerce (NF-e e Gest\u00e3o Fiscal)"},"content":{"rendered":"\n<p>Integre sua loja virtual (WooCommerce, Shopify, Shein,Shoppe etc.) diretamente ao nosso sistema. Emita Notas Fiscais Eletr\u00f4nicas (NF-e) de forma <strong>autom\u00e1tica e segura<\/strong> a cada venda.<\/p>\n\n\n\n<blockquote class=\"wp-block-quote is-layout-flow wp-block-quote-is-layout-flow\">\n<p><strong>Emiss\u00e3o Autom\u00e1tica:<\/strong> NF-e pronta com um clique, sem risco de erro manual.<\/p>\n\n\n\n<p><strong>Conformidade Fiscal Garantida:<\/strong> Mantenha-se 100% dentro da lei em todos os estados.<\/p>\n\n\n\n<p><strong>Integra\u00e7\u00e3o de Estoque:<\/strong> Baixa autom\u00e1tica do estoque ap\u00f3s a emiss\u00e3o.<\/p>\n\n\n\n<p><strong>Relat\u00f3rios Inteligentes:<\/strong> Saiba exatamente quanto voc\u00ea est\u00e1 pagando em impostos.<\/p>\n<\/blockquote>\n\n\n\n<p> Atendemos Mar de Espanha e regi\u00e3o <\/p>\n\n\n\n<figure class=\"wp-block-image size-large wp-duotone-686868-ffffff-1\"><img loading=\"lazy\" decoding=\"async\" width=\"1024\" height=\"576\" src=\"https:\/\/ffsystemtecnologia.com.br\/wp-content\/uploads\/2025\/10\/Design-sem-nome-3-1024x576.png\" alt=\"\" class=\"wp-image-14\" srcset=\"https:\/\/ffsystemtecnologia.com.br\/wp-content\/uploads\/2025\/10\/Design-sem-nome-3-1024x576.png 1024w, https:\/\/ffsystemtecnologia.com.br\/wp-content\/uploads\/2025\/10\/Design-sem-nome-3-300x169.png 300w, https:\/\/ffsystemtecnologia.com.br\/wp-content\/uploads\/2025\/10\/Design-sem-nome-3-768x432.png 768w, https:\/\/ffsystemtecnologia.com.br\/wp-content\/uploads\/2025\/10\/Design-sem-nome-3.png 1366w\" sizes=\"auto, (max-width: 1024px) 100vw, 1024px\" \/><\/figure>\n\n\n\n<p><\/p>\n","protected":false},"excerpt":{"rendered":"<p>Integre sua loja virtual (WooCommerce, Shopify, Shein,Shoppe etc.) diretamente ao nosso sistema. Emita Notas Fiscais Eletr\u00f4nicas (NF-e) de forma autom\u00e1tica e segura a cada venda. Emiss\u00e3o Autom\u00e1tica: NF-e pronta com um clique, sem risco de erro manual. Conformidade Fiscal Garantida: Mantenha-se 100% dentro da lei em todos os estados. Integra\u00e7\u00e3o de Estoque: Baixa autom\u00e1tica do [&hellip;]<\/p>\n","protected":false},"author":1,"featured_media":0,"parent":0,"menu_order":0,"comment_status":"closed","ping_status":"open","template":"","meta":{"footnotes":""},"class_list":["post-2","page","type-page","status-publish","hentry"],"_links":{"self":[{"href":"https:\/\/ffsystemtecnologia.com.br\/index.php\/wp-json\/wp\/v2\/pages\/2","targetHints":{"allow":["GET"]}}],"collection":[{"href":"https:\/\/ffsystemtecnologia.com.br\/index.php\/wp-json\/wp\/v2\/pages"}],"about":[{"href":"https:\/\/ffsystemtecnologia.com.br\/index.php\/wp-json\/wp\/v2\/types\/page"}],"author":[{"embeddable":true,"href":"https:\/\/ffsystemtecnologia.com.br\/index.php\/wp-json\/wp\/v2\/users\/1"}],"replies":[{"embeddable":true,"href":"https:\/\/ffsystemtecnologia.com.br\/index.php\/wp-json\/wp\/v2\/comments?post=2"}],"version-history":[{"count":5,"href":"https:\/\/ffsystemtecnologia.com.br\/index.php\/wp-json\/wp\/v2\/pages\/2\/revisions"}],"predecessor-version":[{"id":22,"href":"https:\/\/ffsystemtecnologia.com.br\/index.php\/wp-json\/wp\/v2\/pages\/2\/revisions\/22"}],"wp:attachment":[{"href":"https:\/\/ffsystemtecnologia.com.br\/index.php\/wp-json\/wp\/v2\/media?parent=2"}],"curies":[{"name":"wp","href":"https:\/\/api.w.org\/{rel}","templated":true}]}}